

{"id":5,"date":"2021-03-15T22:35:36","date_gmt":"2021-03-15T21:35:36","guid":{"rendered":"http:\/\/test.icop.it\/?page_id=3"},"modified":"2024-03-11T18:17:29","modified_gmt":"2024-03-11T17:17:29","slug":"privacy-policy","status":"publish","type":"page","link":"https:\/\/vinipetrucco.it\/en\/privacy-policy\/","title":{"rendered":"Privacy policy"},"content":{"rendered":"\t\t<div data-elementor-type=\"wp-page\" data-elementor-id=\"5\" class=\"elementor elementor-5\" data-elementor-post-type=\"page\">\n\t\t\t\t\t\t<section class=\"elementor-section elementor-top-section elementor-element elementor-element-6efeec0e elementor-section-boxed elementor-section-height-default elementor-section-height-default\" data-id=\"6efeec0e\" data-element_type=\"section\">\n\t\t\t\t\t\t<div class=\"elementor-container elementor-column-gap-default\">\n\t\t\t\t\t<div class=\"elementor-column elementor-col-100 elementor-top-column elementor-element elementor-element-59358c58\" data-id=\"59358c58\" data-element_type=\"column\">\n\t\t\t<div class=\"elementor-widget-wrap elementor-element-populated\">\n\t\t\t\t\t\t<div class=\"elementor-element elementor-element-78c9689d elementor-widget elementor-widget-text-editor\" data-id=\"78c9689d\" data-element_type=\"widget\" data-widget_type=\"text-editor.default\">\n\t\t\t\t<div class=\"elementor-widget-container\">\n\t\t\t\t\t\t\t<h4>Informativa al trattamento di dati personali ex art.13 Reg. UE 2016\/679.<\/h4><p><b>PERCHE\u2019 QUESTO AVVISO<\/b><\/p><p>Grazie per dedicare qualche minuto alla consultazione di questa sezione del nostro sito Web. La tua privacy \u00e8 molto importante per Petrucco Societ\u00e0 Agricola a r.l. e per tutelarla al meglio, ti forniamo queste note in cui troverai indicazioni sul tipo di informazioni raccolte online nel corso della navigazione sul presente sito e sulle varie possibilit\u00e0 che hai di intervenire nella raccolta e nell\u2019utilizzo di tali informazioni nel sito.<\/p><p>Si tratta di un\u2019informativa che \u00e8 resa ai sensi dell\u2019art. 13 del d.lgs. n. 196\/2003 \u2013 Codice in materia di protezione dei dati personali, cos\u00ec come modificato dal D.lgs. 101\/2018 e del Regolamento UE 2016\/679 noto come \u201cGDPR\u201d (General Data Protection Regulation) a coloro che interagiscono con i servizi web di Petrucco Societ\u00e0 Agricola a r.l. accessibili per via telematica a partire dall\u2019indirizzo: <a href=\"https:\/\/vinipetrucco.it\/\" target=\"_blank\" rel=\"noopener\">https:\/\/vinipetrucco.it\/.<\/a><\/p><p>L\u2019informativa \u00e8 resa solo per il sito di propriet\u00e0 di Petrucco Societ\u00e0 Agricola a r.l. e non anche per altri siti web eventualmente consultati dall\u2019utente tramite link.<\/p><p>L\u2019informativa si ispira anche alla Raccomandazione n. 2\/2001 che le autorit\u00e0 europee per la protezione dei dati personali, riunite nel Gruppo istituito dall\u2019art. 29 della direttiva n. 95\/46\/CE, hanno adottato il 17 maggio 2001 per individuare alcuni requisiti minimi per la raccolta di dati personali on-line, e, in particolare, le modalit\u00e0, i tempi e la natura delle informazioni che i titolari del trattamento devono fornire agli utenti quando questi si collegano a pagine web, indipendentemente dagli scopi del collegamento. La Raccomandazione e una descrizione di sintesi delle sue finalit\u00e0 sono riportate in altre pagine di questo sito.<\/p><p><b>IL TITOLARE DEL TRATTAMENTO E IL RESPONSABILE DELLA PROTEZIONE DEI DATI (RPD)<br \/><\/b>A seguito della consultazione di questo sito possono essere trattati dati relativi a persone identificate o identificabili.<\/p><p>Il Titolare del trattamento dei dati \u00e8 Petrucco Societ\u00e0 Agricola a r.l., con sede in Via Morpurgo, 12, 33042 Buttrio UD, Italy (P.IVA 03087610303) indirizzo e-mail: <a href=\"mailto:info@vinipetrucco.it\">info@vinipetrucco.it<\/a><\/p><p><b>LUOGO DI TRATTAMENTO DEI DATI<br \/><\/b>I trattamenti connessi ai servizi web di questo sito hanno luogo presso la predetta sede di Udine e sono curati solo dagli incaricati al trattamento specificatamente individuati, oppure da eventuali incaricati di occasionali operazioni di manutenzione. Nessun dato derivante dal servizio web viene comunicato o diffuso.<\/p><p><b>TIPI DI DATI TRATTATI<\/b><\/p><p><b>Dati generati dall\u2019accesso al sito<br \/><\/b>I sistemi informatici e le procedure software preposte al funzionamento di questo sito acquisiscono, nel corso del loro normale esercizio, alcuni dati personali la cui trasmissione \u00e8 implicita nell\u2019uso dei protocolli di comunicazione di Internet.<\/p><p>Questi dati (quali ad esempio nomi di dominio, indirizzi IP, sistema operativo utilizzato, tipo di device di browser utilizzati per la connessione) non sono accompagnati da alcuna informazione personale aggiuntiva e vengono utilizzati per: i) ricavare informazioni statistiche anonime sull\u2019uso del sito; ii) gestire esigenze di controllo delle modalit\u00e0 di utilizzo dello stesso, iii) accertare responsabilit\u00e0 in caso di ipotetici reati informatici.<br \/>La base giuridica che legittima il trattamento di tali dati \u00e8 la necessit\u00e0 di rendere utilizzabili le funzionalit\u00e0 del sito a seguito dell\u2019accesso dell\u2019utente.<\/p><p><b>Dati forniti volontariamente dall\u2019utente<br \/><\/b>I dati personali forniti dall\u2019utente tramite form sono raccolti e trattati per le seguenti finalit\u00e0:<\/p><p>per lo svolgimento delle attivit\u00e0 di relazione con il cliente in base agli accordi contrattuali.<br \/>per finalit\u00e0 amministrative e per l\u2019adempimento di obblighi di legge quali ad esempio quelli di natura contabile, fiscale, o per dar corso a richieste dell\u2019autorit\u00e0 giudiziaria;<br \/>in presenza di specifico consenso, per l\u2019invio periodico, tramite e-mail, di newsletter e materiale pubblicitario;<br \/>in presenza di specifico consenso, per ricevere aggiornamenti sulle nostre attivit\u00e0 e segnalazioni sulla pubblicazione di post del nostro blog;<br \/>in presenza di specifico consenso, per ricevere comunicazioni promozionali ed inviti ad eventi, promozioni speciali o a partecipare a analisi e ricerche di mercato;<br \/>nel caso di invio di curriculum vitae, esclusivamente per finalit\u00e0 di selezione.<br \/>La base giuridica che legittima il trattamento \u00e8 l\u2019esecuzione di un contratto di cui l\u2019interessato \u00e8 parte o l\u2019esecuzione di misure precontrattuali adottate su richiesta dello stesso.<\/p><p>Nei casi espressamente indicati la base giuridica \u00e8 il consenso liberamente fornito dall\u2019interessato.<\/p><p><b>Dati raccolti tramite il sito web<br \/><\/b>Per completa informazione precisiamo che nell\u2019invio delle comunicazioni, Petrucco Societ\u00e0 Agricola a r.l. si avvale della propria Piattaforma Petrucco Societ\u00e0 Agricola a r.l., che, attraverso sistemi di tracciamento statistico (ad esempio web beacons), consente di rilevare l\u2019apertura di un messaggio, i click effettuati sui collegamenti ipertestuali contenuti all\u2019interno dell\u2019email, da quale indirizzo IP o con quale tipo di browser viene aperta l\u2019email, e altri dettagli simili. La raccolta di tali dati \u00e8 funzionale all\u2019utilizzo della piattaforma e costituisce parte integrante delle funzionalit\u00e0 del sistema di invio dei messaggi.<br \/>La base giuridica che legittima il trattamento di tali dati \u00e8 l\u2019esecuzione di un contratto di cui l\u2019interessato \u00e8 parte.<\/p><p><b>\u00a0<\/b><\/p><h2>COOKIES<\/h2><p>Il sito https:\/\/vinipetrucco.it\/ utilizza cookie per fornire servizi che aumentino e migliorino l\u2019efficacia del sito per le attivit\u00e0 online degli utenti. Il cookie \u00e8 un file di testo che contiene informazioni e viene scaricato sul computer o sul dispositivo mobile dell\u2019utente che visita un sito Web. I cookie sono utili in quanto permettono ai siti Web di riconoscere il dispositivo dell\u2019utente. I cookie vengono quindi rispediti al sito Web originale in occasione di tutte le visite successive o a un altro sito Web in grado di riconoscere quel cookie. Per ottenere ulteriori informazioni sui cookie, visita il sito Web: www.allaboutcookies.org.<br \/>Nell\u2019ambito della presente Politica, con il termine \u201ccookie\u201d ci riferiamo a tutti gli strumenti simili, compresi Web beacon e file di log.<\/p><p><b><span style=\"color: var( --e-global-color-vamtam_primary_font_color ); letter-spacing: var(--vamtam-primary-font-letter-spacing-desktop,normal); text-transform: var(--vamtam-primary-font-transform,none);\">Come utilizziamo i cookie<\/span><\/b><\/p><p>Utilizziamo cookie di navigazione anonimi, necessari per consentire agli utenti di navigare correttamente su [indirizzo web] utilizzare tutte le funzionalit\u00e0 ed accedere ad aree sicure. Utilizziamo cookie analitici per capire meglio come i nostri utenti utilizzano il sito web, per ottimizzare e migliorare il sito, rendendolo sempre interessante e rilevante per gli utenti.<\/p><p><b>Queste informazioni sono anonime, e utilizzate solo a fini statistici.<\/b><\/p><p>Utilizziamo i cookie di profilazione per monitorare l\u2019utilizzo del nostro sito al fine di migliorarne la fruibilit\u00e0 e l\u2019utilizzo. Questi cookie vengono solitamente inseriti da parti terze di fiducia (come Google attraverso la piattaforma Analytics), tuttavia, non consente a tali societ\u00e0 di raccogliere informazioni personali relative agli utenti. Ci\u00f2 significa che sar\u00e0 garantito l\u2019anonimato e i dati personali non verranno usati da altri siti web o database di marketing.<\/p><p><b>Come modificare o disattivare le preferenze dei cookie<\/b><\/p><p>E\u2019 possibile selezionare gli specifici parametri del browser che permettono di escludere l\u2019attivazione dei cookies, con le seguenti modalit\u00e0:<\/p><p><b>Mozilla Firefox:<\/b><br \/>1. Seleziona menu \u201cStrumenti\u201d, poi \u201cOpzioni\u201d<br \/>2. Clicca su \u201cPrivacy\u201d<\/p><p><b>Microsoft Internet Explorer:<\/b><br \/>1. Seleziona \u201cStrumenti\u201d, poi \u201cOpzioni Internet\u201d<br \/>2. Clicca su \u201cPrivacy\u201d (o \u201cRiservatezza\u201d)<br \/>3. Scegli il livello di privacy desiderato utilizzando il cursore.<\/p><p><b>Chrome:<\/b><br \/>1. Seleziona \u201cStrumenti\u201d, poi \u201cImpostazioni\u201d<br \/>2. Clicca su \u201cMostra impostazioni avanzate\u201d<br \/>3. Nella sezione \u201cPrivacy\u201d, clicca su \u201cImpostazioni contenuti\u201d.<\/p><p><b>Opera:<\/b><br \/>1. Seleziona \u201cFile\u201d, poi \u201cPreferenze\u201d<br \/>2. Clicca su \u201cPrivacy\u201d.<\/p><p>I visitatori possono disattivare Google Analytics per la pubblicit\u00e0 display e personalizzare gli annunci della Rete Display di Google utilizzando la Gestione preferenze annunci.<\/p><p>Per disattivare i cookie di parti terze che consentono la personalizzazione della pubblicit\u00e0 in funzione del comportamento sul sito web puoi visitare i siti\u00a0<\/p><p><a href=\"http:\/\/www.networkadvertising.org\/\" target=\"_blank\" rel=\"noopener\">www.networkadvertising.org<\/a><\/p><p><a href=\"http:\/\/www.youronlinechoices.com\/\" target=\"_blank\" rel=\"noopener\">www.youronlinechoices.com<\/a><\/p><p>per identificare i membri NAI ( (Network Advertising Initiative) che hanno inserito cookie pubblicitari sul tuo computer.<br \/>Per usufruire della funzione opt-out dal programma di pubblicit\u00e0 comportamentale di un membro NAI o IAB, spunta la casella corrispondente alla compagnia che desideri escludere.<\/p><p><b>MODALIT\u00c0\u00a0 DEL TRATTAMENTO<\/b><br \/>Il trattamento dei dati personali \u00e8 realizzato per mezzo delle operazioni indicate all\u2019art. 4 n. 2) GDPR e precisamente: raccolta, registrazione, organizzazione, conservazione, consultazione, elaborazione, modificazione, selezione, estrazione, raffronto, utilizzo, interconnessione, blocco, comunicazione, cancellazione e distruzione dei dati. I dati personali sono sottoposti a trattamento sia cartaceo che elettronico e\/o automatizzato. Il Titolare tratter\u00e0 i dati personali per il tempo necessario per adempiere alle finalit\u00e0 di cui sopra e comunque non oltre 5 anni dalla data di comunicazione dei dati, fatta salva la facolt\u00e0 di conservazione dei dati per un periodo superiore qualora richiesto dalla legge vigente o per esigenze di natura statistica. In ogni caso, Petrucco Societ\u00e0 Agricola a r.l. pratica regole che impediscono la conservazione dei dati a tempo indeterminato e limita quindi il tempo di conservazione nel rispetto del principio di minimizzazione del trattamento dei dati.<\/p><p>Si precisa, infine che il presente sito tratta i dati degli utenti in maniera lecita e corretta, adottando le opportune misure di sicurezza volte a prevenire accessi non autorizzati, divulgazione, modifica o distruzione non autorizzata dei dati.<\/p><p><b>DIRITTI DEGLI INTERESSATI<\/b><br \/>I soggetti cui si riferiscono i dati personali hanno il diritto in qualunque momento di:<\/p><p>ottenere la conferma dell\u2019esistenza o meno di dati personali che La riguardano, anche se non ancora registrati, e la loro comunicazione in forma intelligibile;<br \/>ottenere l&#8217;indicazione: a) dell&#8217;origine dei dati personali; b) delle finalit\u00e0 e modalit\u00e0 del trattamento; c) della logica applicata in caso di trattamento effettuato con l&#8217;ausilio di strumenti elettronici; d) degli estremi identificativi del titolare, dei responsabili e del rappresentante designato ai sensi dell&#8217;art. 3, comma 1, GDPR; e) dei soggetti o delle categorie di soggetti ai quali i dati personali possono essere comunicati o che possono venirne a conoscenza in qualit\u00e0 di rappresentante designato nel territorio dello Stato, di responsabili o incaricati;<br \/>iii. ottenere: a) l&#8217;aggiornamento, la rettificazione ovvero, quando vi ha interesse, l&#8217;integrazione dei dati; b) la cancellazione, la trasformazione in forma anonima o il blocco dei dati trattati in violazione di legge, compresi quelli di cui non \u00e8 necessaria la conservazione in relazione agli scopi per i quali i dati sono stati raccolti o successivamente trattati; c) l&#8217;attestazione che le operazioni di cui alle lettere a) e b) sono state portate a conoscenza, anche per quanto riguarda il loro contenuto, di coloro ai quali i dati sono stati comunicati o diffusi, eccettuato il caso in cui tale adempimento si rivela impossibile o comporta un impiego di mezzi manifestamente sproporzionato rispetto al diritto tutelato;<\/p><p>opporsi, in tutto o in parte: a) per motivi legittimi al trattamento dei dati personali che La riguardano, ancorch\u00e9 pertinenti allo scopo della raccolta; b) al trattamento di dati personali che La riguardano a fini di invio di materiale pubblicitario o di vendita diretta o per il compimento di ricerche di mercato o di comunicazione commerciale, mediante l\u2019uso di sistemi automatizzati di chiamata senza l\u2019intervento di un operatore mediante e-mail e\/o mediante modalit\u00e0 di marketing tradizionali mediante telefono e\/o posta cartacea. Si fa presente che il diritto di opposizione dell\u2019interessato, esposto al precedente punto b), per finalit\u00e0 di marketing diretto mediante modalit\u00e0 automatizzate si estende a quelle tradizionali e che comunque resta salva la possibilit\u00e0 per l\u2019interessato di esercitare il diritto di opposizione anche solo in parte. Pertanto, l\u2019interessato pu\u00f2 decidere di ricevere solo comunicazioni mediante modalit\u00e0 tradizionali ovvero solo comunicazioni automatizzate oppure nessuna delle due tipologie di comunicazione.<br \/>Hanno altres\u00ec i diritti di cui agli artt. 16-21 GDPR (Diritto di rettifica, diritto all\u2019oblio, diritto di limitazione di trattamento, diritto alla portabilit\u00e0 dei dati, diritto di opposizione), nonch\u00e9 il diritto di reclamo all\u2019Autorit\u00e0 Garante ai sensi dell\u2019art. 77 GDPR.<\/p><p>Le richieste vanno rivolte al Titolare del trattamento: Petrucco Societ\u00e0 Agricola a r.l., con sede in Via Morpurgo, 12, 33042 Buttrio UD, Italy (P.IVA 03087610303) indirizzo e-mail: <a href=\"mailto:info@vinipetrucco.it\">info@vinipetrucco.it<\/a><\/p><p><b>MODIFICHE DELLA PRESENTE INFORMATIVA<\/b><\/p><p>Petrucco Societ\u00e0 Agricola a r.l. si \u00e8 impegnata a fare propri i principi fondamentali della protezione dei dati e considera la tutela dei dati personali come un dovere naturale. Pertanto, sottoponiamo a frequente revisione le nostre linee di condotta in materia di tutela dei dati personali per assicurarci che siano esenti da errori, chiaramente visibili sul nostro sito web e comprensive di tutte le informazioni necessarie, e per verificare che siano osservate rigorosamente, e conformi ai princ\u00ecpi della normativa nazionale e comunitaria su questa materia. La presente informativa pu\u00f2 subire nel corso del tempo modifiche intese a mantenerla al passo con l\u2019evoluzione e le nuove opportunit\u00e0 della rete Internet e a garantire la sua conformit\u00e0 alla normativa vigente.<\/p>\t\t\t\t\t\t<\/div>\n\t\t\t\t<\/div>\n\t\t\t\t\t<\/div>\n\t\t<\/div>\n\t\t\t\t\t<\/div>\n\t\t<\/section>\n\t\t\t\t<\/div>\n\t\t","protected":false},"excerpt":{"rendered":"<p>Informativa al trattamento di dati personali ex art.13 Reg. UE 2016\/679. PERCHE\u2019 QUESTO AVVISO Grazie per dedicare qualche minuto alla consultazione di questa sezione del nostro sito Web. La tua privacy \u00e8 molto importante per Petrucco Societ\u00e0 Agricola a r.l. e per tutelarla al meglio, ti forniamo queste note in cui troverai indicazioni sul tipo&#8230;<\/p>\n","protected":false},"author":1,"featured_media":0,"parent":0,"menu_order":0,"comment_status":"closed","ping_status":"open","template":"","meta":{"_acf_changed":false,"footnotes":""},"acf":[],"yoast_head":"<!-- This site is optimized with the Yoast SEO plugin v22.9 - https:\/\/yoast.com\/wordpress\/plugins\/seo\/ -->\n<title>Privacy policy - Vini Petrucco<\/title>\n<meta name=\"robots\" content=\"index, follow, max-snippet:-1, max-image-preview:large, max-video-preview:-1\" \/>\n<link rel=\"canonical\" href=\"https:\/\/vinipetrucco.it\/en\/privacy-policy\/\" \/>\n<meta property=\"og:locale\" content=\"en_US\" \/>\n<meta property=\"og:type\" content=\"article\" \/>\n<meta property=\"og:title\" content=\"Privacy policy - Vini Petrucco\" \/>\n<meta property=\"og:description\" content=\"Informativa al trattamento di dati personali ex art.13 Reg. UE 2016\/679. PERCHE\u2019 QUESTO AVVISO Grazie per dedicare qualche minuto alla consultazione di questa sezione del nostro sito Web. La tua privacy \u00e8 molto importante per Petrucco Societ\u00e0 Agricola a r.l. e per tutelarla al meglio, ti forniamo queste note in cui troverai indicazioni sul tipo...\" \/>\n<meta property=\"og:url\" content=\"https:\/\/vinipetrucco.it\/en\/privacy-policy\/\" \/>\n<meta property=\"og:site_name\" content=\"Vini Petrucco\" \/>\n<meta property=\"article:publisher\" content=\"https:\/\/www.facebook.com\/vinipetrucco\/\" \/>\n<meta property=\"article:modified_time\" content=\"2024-03-11T17:17:29+00:00\" \/>\n<meta name=\"twitter:card\" content=\"summary_large_image\" \/>\n<meta name=\"twitter:label1\" content=\"Est. reading time\" \/>\n\t<meta name=\"twitter:data1\" content=\"9 minutes\" \/>\n<script type=\"application\/ld+json\" class=\"yoast-schema-graph\">{\"@context\":\"https:\/\/schema.org\",\"@graph\":[{\"@type\":\"WebPage\",\"@id\":\"https:\/\/vinipetrucco.it\/en\/privacy-policy\/\",\"url\":\"https:\/\/vinipetrucco.it\/en\/privacy-policy\/\",\"name\":\"Privacy policy - Vini Petrucco\",\"isPartOf\":{\"@id\":\"https:\/\/vinipetrucco.it\/#website\"},\"datePublished\":\"2021-03-15T21:35:36+00:00\",\"dateModified\":\"2024-03-11T17:17:29+00:00\",\"breadcrumb\":{\"@id\":\"https:\/\/vinipetrucco.it\/en\/privacy-policy\/#breadcrumb\"},\"inLanguage\":\"en-US\",\"potentialAction\":[{\"@type\":\"ReadAction\",\"target\":[\"https:\/\/vinipetrucco.it\/en\/privacy-policy\/\"]}]},{\"@type\":\"BreadcrumbList\",\"@id\":\"https:\/\/vinipetrucco.it\/en\/privacy-policy\/#breadcrumb\",\"itemListElement\":[{\"@type\":\"ListItem\",\"position\":1,\"name\":\"Home\",\"item\":\"https:\/\/vinipetrucco.it\/en\/\"},{\"@type\":\"ListItem\",\"position\":2,\"name\":\"Privacy policy\"}]},{\"@type\":\"WebSite\",\"@id\":\"https:\/\/vinipetrucco.it\/#website\",\"url\":\"https:\/\/vinipetrucco.it\/\",\"name\":\"Vini Petrucco\",\"description\":\"Azienda agricola\",\"publisher\":{\"@id\":\"https:\/\/vinipetrucco.it\/#organization\"},\"potentialAction\":[{\"@type\":\"SearchAction\",\"target\":{\"@type\":\"EntryPoint\",\"urlTemplate\":\"https:\/\/vinipetrucco.it\/?s={search_term_string}\"},\"query-input\":\"required name=search_term_string\"}],\"inLanguage\":\"en-US\"},{\"@type\":\"Organization\",\"@id\":\"https:\/\/vinipetrucco.it\/#organization\",\"name\":\"Vini Petrucco\",\"url\":\"https:\/\/vinipetrucco.it\/\",\"logo\":{\"@type\":\"ImageObject\",\"inLanguage\":\"en-US\",\"@id\":\"https:\/\/vinipetrucco.it\/#\/schema\/logo\/image\/\",\"url\":\"https:\/\/vinipetrucco.it\/wp-content\/uploads\/2020\/03\/cropped-logo-200.png\",\"contentUrl\":\"https:\/\/vinipetrucco.it\/wp-content\/uploads\/2020\/03\/cropped-logo-200.png\",\"width\":200,\"height\":114,\"caption\":\"Vini Petrucco\"},\"image\":{\"@id\":\"https:\/\/vinipetrucco.it\/#\/schema\/logo\/image\/\"},\"sameAs\":[\"https:\/\/www.facebook.com\/vinipetrucco\/\"]}]}<\/script>\n<!-- \/ Yoast SEO plugin. -->","yoast_head_json":{"title":"Privacy policy - Vini Petrucco","robots":{"index":"index","follow":"follow","max-snippet":"max-snippet:-1","max-image-preview":"max-image-preview:large","max-video-preview":"max-video-preview:-1"},"canonical":"https:\/\/vinipetrucco.it\/en\/privacy-policy\/","og_locale":"en_US","og_type":"article","og_title":"Privacy policy - Vini Petrucco","og_description":"Informativa al trattamento di dati personali ex art.13 Reg. UE 2016\/679. PERCHE\u2019 QUESTO AVVISO Grazie per dedicare qualche minuto alla consultazione di questa sezione del nostro sito Web. La tua privacy \u00e8 molto importante per Petrucco Societ\u00e0 Agricola a r.l. e per tutelarla al meglio, ti forniamo queste note in cui troverai indicazioni sul tipo...","og_url":"https:\/\/vinipetrucco.it\/en\/privacy-policy\/","og_site_name":"Vini Petrucco","article_publisher":"https:\/\/www.facebook.com\/vinipetrucco\/","article_modified_time":"2024-03-11T17:17:29+00:00","twitter_card":"summary_large_image","twitter_misc":{"Est. reading time":"9 minutes"},"schema":{"@context":"https:\/\/schema.org","@graph":[{"@type":"WebPage","@id":"https:\/\/vinipetrucco.it\/en\/privacy-policy\/","url":"https:\/\/vinipetrucco.it\/en\/privacy-policy\/","name":"Privacy policy - Vini Petrucco","isPartOf":{"@id":"https:\/\/vinipetrucco.it\/#website"},"datePublished":"2021-03-15T21:35:36+00:00","dateModified":"2024-03-11T17:17:29+00:00","breadcrumb":{"@id":"https:\/\/vinipetrucco.it\/en\/privacy-policy\/#breadcrumb"},"inLanguage":"en-US","potentialAction":[{"@type":"ReadAction","target":["https:\/\/vinipetrucco.it\/en\/privacy-policy\/"]}]},{"@type":"BreadcrumbList","@id":"https:\/\/vinipetrucco.it\/en\/privacy-policy\/#breadcrumb","itemListElement":[{"@type":"ListItem","position":1,"name":"Home","item":"https:\/\/vinipetrucco.it\/en\/"},{"@type":"ListItem","position":2,"name":"Privacy policy"}]},{"@type":"WebSite","@id":"https:\/\/vinipetrucco.it\/#website","url":"https:\/\/vinipetrucco.it\/","name":"Vini Petrucco","description":"Azienda agricola","publisher":{"@id":"https:\/\/vinipetrucco.it\/#organization"},"potentialAction":[{"@type":"SearchAction","target":{"@type":"EntryPoint","urlTemplate":"https:\/\/vinipetrucco.it\/?s={search_term_string}"},"query-input":"required name=search_term_string"}],"inLanguage":"en-US"},{"@type":"Organization","@id":"https:\/\/vinipetrucco.it\/#organization","name":"Vini Petrucco","url":"https:\/\/vinipetrucco.it\/","logo":{"@type":"ImageObject","inLanguage":"en-US","@id":"https:\/\/vinipetrucco.it\/#\/schema\/logo\/image\/","url":"https:\/\/vinipetrucco.it\/wp-content\/uploads\/2020\/03\/cropped-logo-200.png","contentUrl":"https:\/\/vinipetrucco.it\/wp-content\/uploads\/2020\/03\/cropped-logo-200.png","width":200,"height":114,"caption":"Vini Petrucco"},"image":{"@id":"https:\/\/vinipetrucco.it\/#\/schema\/logo\/image\/"},"sameAs":["https:\/\/www.facebook.com\/vinipetrucco\/"]}]}},"_links":{"self":[{"href":"https:\/\/vinipetrucco.it\/en\/wp-json\/wp\/v2\/pages\/5"}],"collection":[{"href":"https:\/\/vinipetrucco.it\/en\/wp-json\/wp\/v2\/pages"}],"about":[{"href":"https:\/\/vinipetrucco.it\/en\/wp-json\/wp\/v2\/types\/page"}],"author":[{"embeddable":true,"href":"https:\/\/vinipetrucco.it\/en\/wp-json\/wp\/v2\/users\/1"}],"replies":[{"embeddable":true,"href":"https:\/\/vinipetrucco.it\/en\/wp-json\/wp\/v2\/comments?post=5"}],"version-history":[{"count":9,"href":"https:\/\/vinipetrucco.it\/en\/wp-json\/wp\/v2\/pages\/5\/revisions"}],"predecessor-version":[{"id":997765,"href":"https:\/\/vinipetrucco.it\/en\/wp-json\/wp\/v2\/pages\/5\/revisions\/997765"}],"wp:attachment":[{"href":"https:\/\/vinipetrucco.it\/en\/wp-json\/wp\/v2\/media?parent=5"}],"curies":[{"name":"wp","href":"https:\/\/api.w.org\/{rel}","templated":true}]}}